{"id":1588,"date":"2026-04-08T14:46:09","date_gmt":"2026-04-08T12:46:09","guid":{"rendered":"https:\/\/serhumana.gal\/areas-de-trabajo\/"},"modified":"2026-05-08T11:20:44","modified_gmt":"2026-05-08T09:20:44","slug":"areas-traballo","status":"publish","type":"page","link":"https:\/\/www.serhumana.gal\/gl\/areas-traballo\/","title":{"rendered":"\u00c1reas de traballo"},"content":{"rendered":"\t\t<div data-elementor-type=\"wp-page\" data-elementor-id=\"1588\" class=\"elementor elementor-1588 elementor-484\" data-elementor-post-type=\"page\">\n\t\t\t\t<div class=\"elementor-element elementor-element-8fbe66e e-con-full e-flex e-con e-parent\" data-id=\"8fbe66e\" data-element_type=\"container\" data-e-type=\"container\" data-settings=\"{&quot;background_background&quot;:&quot;classic&quot;}\">\n\t\t\t\t<\/div>\n\t\t<div class=\"elementor-element elementor-element-8d6f8a5 e-flex e-con-boxed e-con e-parent\" data-id=\"8d6f8a5\" data-element_type=\"container\" data-e-type=\"container\" data-settings=\"{&quot;background_background&quot;:&quot;classic&quot;}\">\n\t\t\t\t\t<div class=\"e-con-inner\">\n\t\t\t\t<div class=\"elementor-element elementor-element-b5a2e8f elementor-widget__width-initial elementor-widget elementor-widget-text-editor\" data-id=\"b5a2e8f\" data-element_type=\"widget\" data-e-type=\"widget\" data-widget_type=\"text-editor.default\">\n\t\t\t\t\t\t\t\t\tTemos programas de formaci\u00f3n e acompa\u00f1amento para empresas, centros educativos, instituci\u00f3ns e grupos de persoas. Programas xa testados e mellorados co paso dos anos para que realmente funcionen.\t\t\t\t\t\t\t\t<\/div>\n\t\t\t\t<div class=\"elementor-element elementor-element-21f0c61 elementor-widget__width-initial elementor-widget elementor-widget-text-editor\" data-id=\"21f0c61\" data-element_type=\"widget\" data-e-type=\"widget\" data-widget_type=\"text-editor.default\">\n\t\t\t\t\t\t\t\t\t<p>Tam\u00e9n traballamos \u00e1 medida para aqueles proxectos que te\u00f1an necesidades espec\u00edficas. Escoitamos e co-dese\u00f1amos para crear cambios reais.<\/p><p>\u00a0<\/p><p>Estas son as nosas \u00e1reas de traballo:<\/p>\t\t\t\t\t\t\t\t<\/div>\n\t\t\t\t\t<\/div>\n\t\t\t\t<\/div>\n\t\t<div class=\"elementor-element elementor-element-8bff067 e-flex e-con-boxed e-con e-parent\" data-id=\"8bff067\" data-element_type=\"container\" data-e-type=\"container\" id=\"desarrollo-emocional\" data-settings=\"{&quot;background_background&quot;:&quot;classic&quot;}\">\n\t\t\t\t\t<div class=\"e-con-inner\">\n\t\t\t\t<div class=\"elementor-element elementor-element-bbbcce2 elementor-widget elementor-widget-heading\" data-id=\"bbbcce2\" data-element_type=\"widget\" data-e-type=\"widget\" data-widget_type=\"heading.default\">\n\t\t\t\t\t<h2 class=\"elementor-heading-title elementor-size-default\">Desenvolvemento emocional<\/h2>\t\t\t\t<\/div>\n\t\t\t\t<div class=\"elementor-element elementor-element-6676176 elementor-widget__width-initial elementor-widget elementor-widget-text-editor\" data-id=\"6676176\" data-element_type=\"widget\" data-e-type=\"widget\" data-widget_type=\"text-editor.default\">\n\t\t\t\t\t\t\t\t\tCando falamos de desenvolvemento emocional falamos de nutrir e reforzar diversas competencias emocionais para experimentar mellores relaci\u00f3ns con n\u00f3s mesmas e co resto. Falamos de adestrar a capacidade de \u201cdarnos conta\u201d do que nos pasa, do que sentimos, do que precisamos. Falamos de integrar aprendizaxes \u201cterap\u00e9uticas\u201d que nos axuden na nosa regulaci\u00f3n emocional. Falamos de practicar enfoques e ferramentas para afrontar coa maior calma, amabilidade e flexibilidade posible os vaiv\u00e9ns emocionais da vida. Falamos de ter mellores vidas.\t\t\t\t\t\t\t\t<\/div>\n\t\t\t\t\t<\/div>\n\t\t\t\t<\/div>\n\t\t<div class=\"elementor-element elementor-element-5c91ec7 e-con-full e-flex e-con e-parent\" data-id=\"5c91ec7\" data-element_type=\"container\" data-e-type=\"container\" data-settings=\"{&quot;background_background&quot;:&quot;classic&quot;}\">\n\t\t\t\t<\/div>\n\t\t<div class=\"elementor-element elementor-element-4d3f263 e-flex e-con-boxed e-con e-parent\" data-id=\"4d3f263\" data-element_type=\"container\" data-e-type=\"container\" id=\"igualdad-de-genero\" data-settings=\"{&quot;background_background&quot;:&quot;classic&quot;}\">\n\t\t\t\t\t<div class=\"e-con-inner\">\n\t\t\t\t<div class=\"elementor-element elementor-element-cc619cd elementor-widget elementor-widget-heading\" data-id=\"cc619cd\" data-element_type=\"widget\" data-e-type=\"widget\" id=\"igualdad-genero\" data-widget_type=\"heading.default\">\n\t\t\t\t\t<h2 class=\"elementor-heading-title elementor-size-default\">Igualdade de x\u00e9nero<\/h2>\t\t\t\t<\/div>\n\t\t\t\t<div class=\"elementor-element elementor-element-021a282 elementor-widget__width-initial elementor-widget elementor-widget-text-editor\" data-id=\"021a282\" data-element_type=\"widget\" data-e-type=\"widget\" data-widget_type=\"text-editor.default\">\n\t\t\t\t\t\t\t\t\tCando falamos de igualdade de x\u00e9nero falamos de cuestionar o que aprendemos case sen decatarnos cada unha, cada un, neste sistema social patriarcal. Falamos de aprender a mirar as din\u00e1micas sociais, organizacionais, familiares e persoais tendo en conta as desigualdades que aparecen, e de cuestionar o modelo que se coloca como correcto, v\u00e1lido ou exitoso. Falamos de incorporar a perspectiva de x\u00e9nero no coti\u00e1n, nas decisi\u00f3ns, nas relaci\u00f3ns, nas estruturas. Falamos de corresponsabilidade, de representaci\u00f3n e de prevenci\u00f3n de violencias. Falamos de como estamos e de como miramos o mundo unhas e outros. E por iso falamos de poder ampliar a mirada para constru\u00edr espazos m\u00e1is xustos, diversos e habitables para todas as persoas.\t\t\t\t\t\t\t\t<\/div>\n\t\t\t\t\t<\/div>\n\t\t\t\t<\/div>\n\t\t<div class=\"elementor-element elementor-element-e17a81d e-con-full e-flex e-con e-parent\" data-id=\"e17a81d\" data-element_type=\"container\" data-e-type=\"container\" data-settings=\"{&quot;background_background&quot;:&quot;classic&quot;}\">\n\t\t\t\t<\/div>\n\t\t<div class=\"elementor-element elementor-element-ef36070 e-flex e-con-boxed e-con e-parent\" data-id=\"ef36070\" data-element_type=\"container\" data-e-type=\"container\" id=\"desarrollo-coaching\" data-settings=\"{&quot;background_background&quot;:&quot;classic&quot;}\">\n\t\t\t\t\t<div class=\"e-con-inner\">\n\t\t\t\t<div class=\"elementor-element elementor-element-8234d2d elementor-widget__width-initial desarrollo-coaching elementor-widget elementor-widget-heading\" data-id=\"8234d2d\" data-element_type=\"widget\" data-e-type=\"widget\" data-widget_type=\"heading.default\">\n\t\t\t\t\t<h2 class=\"elementor-heading-title elementor-size-default\">Desenvolvemento e coaching de equipos<\/h2>\t\t\t\t<\/div>\n\t\t\t\t<div class=\"elementor-element elementor-element-b921ea8 elementor-widget__width-initial elementor-widget elementor-widget-text-editor\" data-id=\"b921ea8\" data-element_type=\"widget\" data-e-type=\"widget\" data-widget_type=\"text-editor.default\">\n\t\t\t\t\t\t\t\t\tCando falamos de desenvolvemento e coaching de equipos falamos de acompa\u00f1ar as persoas para que poidan traballar mellor xuntas. Falamos de xerar espazos de confianza onde sexa posible falar do que importa, abordar tensi\u00f3ns e constru\u00edr acordos m\u00e1is conscientes. Falamos de fortalecer a cohesi\u00f3n, a claridade nos roles, a responsabilidade compartida e o sentido de prop\u00f3sito. Falamos de xesti\u00f3n do conflito e de aprender a previlo. Falamos de liderados m\u00e1is humanos, capaces de soster a diversidade e a complexidade sen perder o coidado das persoas. Falamos de equipos que non s\u00f3 funcionan, sen\u00f3n que se senten ben traballando xuntos.\t\t\t\t\t\t\t\t<\/div>\n\t\t\t\t\t<\/div>\n\t\t\t\t<\/div>\n\t\t<div class=\"elementor-element elementor-element-3cbee11 e-con-full e-flex e-con e-parent\" data-id=\"3cbee11\" data-element_type=\"container\" data-e-type=\"container\" data-settings=\"{&quot;background_background&quot;:&quot;classic&quot;}\">\n\t\t\t\t<\/div>\n\t\t<div class=\"elementor-element elementor-element-9b802c2 e-con-full e-flex e-con e-parent\" data-id=\"9b802c2\" data-element_type=\"container\" data-e-type=\"container\" id=\"comunicacion-noviolenta\" data-settings=\"{&quot;background_background&quot;:&quot;classic&quot;}\">\n\t\t\t\t<div class=\"elementor-element elementor-element-70a9788 elementor-widget__width-inherit elementor-widget elementor-widget-heading\" data-id=\"70a9788\" data-element_type=\"widget\" data-e-type=\"widget\" data-widget_type=\"heading.default\">\n\t\t\t\t\t<h2 class=\"elementor-heading-title elementor-size-default\">Comunicaci\u00f3n NonViolenta<\/h2>\t\t\t\t<\/div>\n\t\t\t\t<div class=\"elementor-element elementor-element-a8fa6e1 elementor-widget__width-initial elementor-widget elementor-widget-text-editor\" data-id=\"a8fa6e1\" data-element_type=\"widget\" data-e-type=\"widget\" data-widget_type=\"text-editor.default\">\n\t\t\t\t\t\t\t\t\t<p>Cando falamos de Comunicaci\u00f3n NonViolenta falamos de transformar a forma na que miramos as relaci\u00f3ns a trav\u00e9s da linguaxe. Falamos de aprender a escoitar con empat\u00eda e de expresarnos desde a autenticidade e o coidado. Falamos de comunicarnos aprendendo a entender como nos sentimos (vocabulario e conciencia emocional), que precisamos e que queremos en realidade (petici\u00f3ns, acordos e l\u00edmites). Falamos de colaboraci\u00f3n, claridade e conexi\u00f3n. Falamos de empat\u00eda e de prevenci\u00f3n de conflitos. Falamos do coidado como filosof\u00eda. Falamos de facer desta \u201cnova forma\u201d unha pr\u00e1ctica coti\u00e1, real e efectiva, para aprender a constru\u00edr mellores relaci\u00f3ns en cada un dos contextos da vida.<\/p>\t\t\t\t\t\t\t\t<\/div>\n\t\t\t\t<\/div>\n\t\t<div class=\"elementor-element elementor-element-76cdcb5 e-con-full e-flex e-con e-parent\" data-id=\"76cdcb5\" data-element_type=\"container\" data-e-type=\"container\" data-settings=\"{&quot;background_background&quot;:&quot;classic&quot;}\">\n\t\t\t\t<\/div>\n\t\t\t\t<\/div>\n\t\t","protected":false},"excerpt":{"rendered":"<p>Temos programas de formaci\u00f3n e acompa\u00f1amento para empresas, centros educativos, instituci\u00f3ns e grupos de persoas. Programas xa testados e mellorados co paso dos anos para que realmente funcionen. Tam\u00e9n traballamos \u00e1 medida para aqueles proxectos que te\u00f1an necesidades espec\u00edficas. Escoitamos e co-dese\u00f1amos para crear cambios reais. Estas son as nosas \u00e1reas de traballo: Desenvolvemento emocional [&hellip;]<\/p>\n","protected":false},"author":1,"featured_media":1989,"parent":0,"menu_order":0,"comment_status":"closed","ping_status":"closed","template":"elementor_header_footer","meta":{"footnotes":"","_links_to":"","_links_to_target":""},"class_list":["post-1588","page","type-page","status-publish","has-post-thumbnail","hentry"],"yoast_head":"<!-- This site is optimized with the Yoast SEO plugin v27.5 - https:\/\/yoast.com\/product\/yoast-seo-wordpress\/ -->\n<title>\u00c1reas de traballo - SerHumana<\/title>\n<meta name=\"description\" content=\"En SerHumana desenvolvemos proxectos de desenvolvemento emocional, igualdade de x\u00e9nero, coaching de equipos e comunicaci\u00f3n non violenta.\" \/>\n<meta name=\"robots\" content=\"index, follow, max-snippet:-1, max-image-preview:large, max-video-preview:-1\" \/>\n<link rel=\"canonical\" href=\"https:\/\/www.serhumana.gal\/gl\/areas-traballo\/\" \/>\n<meta property=\"og:locale\" content=\"gl_ES\" \/>\n<meta property=\"og:type\" content=\"article\" \/>\n<meta property=\"og:title\" content=\"\u00c1reas de traballo - SerHumana\" \/>\n<meta property=\"og:description\" content=\"En SerHumana desenvolvemos proxectos de desenvolvemento emocional, igualdade de x\u00e9nero, coaching de equipos e comunicaci\u00f3n non violenta.\" \/>\n<meta property=\"og:url\" content=\"https:\/\/www.serhumana.gal\/gl\/areas-traballo\/\" \/>\n<meta property=\"og:site_name\" content=\"SerHumana\" \/>\n<meta property=\"article:modified_time\" content=\"2026-05-08T09:20:44+00:00\" \/>\n<meta property=\"og:image\" content=\"https:\/\/www.serhumana.gal\/wp-content\/uploads\/2026\/04\/andrej-lisakov-AmCvGk6Wg-o-unsplash-3-scaled.webp\" \/>\n\t<meta property=\"og:image:width\" content=\"2560\" \/>\n\t<meta property=\"og:image:height\" content=\"1172\" \/>\n\t<meta property=\"og:image:type\" content=\"image\/webp\" \/>\n<meta name=\"twitter:card\" content=\"summary_large_image\" \/>\n<meta name=\"twitter:title\" content=\"\u00c1reas de traballo - SerHumana\" \/>\n<meta name=\"twitter:description\" content=\"En SerHumana desenvolvemos proxectos de desenvolvemento emocional, igualdade de x\u00e9nero, coaching de equipos e comunicaci\u00f3n non violenta.\" \/>\n<meta name=\"twitter:image\" content=\"https:\/\/www.serhumana.gal\/wp-content\/uploads\/2026\/04\/andrej-lisakov-AmCvGk6Wg-o-unsplash-3-scaled.webp\" \/>\n<meta name=\"twitter:label1\" content=\"Tempo de lectura\" \/>\n\t<meta name=\"twitter:data1\" content=\"3 minutos\" \/>\n<script type=\"application\/ld+json\" class=\"yoast-schema-graph\">{\"@context\":\"https:\\\/\\\/schema.org\",\"@graph\":[{\"@type\":\"WebPage\",\"@id\":\"https:\\\/\\\/www.serhumana.gal\\\/gl\\\/areas-traballo\\\/\",\"url\":\"https:\\\/\\\/www.serhumana.gal\\\/gl\\\/areas-traballo\\\/\",\"name\":\"\u00c1reas de traballo - SerHumana\",\"isPartOf\":{\"@id\":\"https:\\\/\\\/www.serhumana.gal\\\/#website\"},\"primaryImageOfPage\":{\"@id\":\"https:\\\/\\\/www.serhumana.gal\\\/gl\\\/areas-traballo\\\/#primaryimage\"},\"image\":{\"@id\":\"https:\\\/\\\/www.serhumana.gal\\\/gl\\\/areas-traballo\\\/#primaryimage\"},\"thumbnailUrl\":\"https:\\\/\\\/www.serhumana.gal\\\/wp-content\\\/uploads\\\/2026\\\/04\\\/andrej-lisakov-AmCvGk6Wg-o-unsplash-3-scaled.webp\",\"datePublished\":\"2026-04-08T12:46:09+00:00\",\"dateModified\":\"2026-05-08T09:20:44+00:00\",\"description\":\"En SerHumana desenvolvemos proxectos de desenvolvemento emocional, igualdade de x\u00e9nero, coaching de equipos e comunicaci\u00f3n non violenta.\",\"breadcrumb\":{\"@id\":\"https:\\\/\\\/www.serhumana.gal\\\/gl\\\/areas-traballo\\\/#breadcrumb\"},\"inLanguage\":\"gl-ES\",\"potentialAction\":[{\"@type\":\"ReadAction\",\"target\":[\"https:\\\/\\\/www.serhumana.gal\\\/gl\\\/areas-traballo\\\/\"]}]},{\"@type\":\"ImageObject\",\"inLanguage\":\"gl-ES\",\"@id\":\"https:\\\/\\\/www.serhumana.gal\\\/gl\\\/areas-traballo\\\/#primaryimage\",\"url\":\"https:\\\/\\\/www.serhumana.gal\\\/wp-content\\\/uploads\\\/2026\\\/04\\\/andrej-lisakov-AmCvGk6Wg-o-unsplash-3-scaled.webp\",\"contentUrl\":\"https:\\\/\\\/www.serhumana.gal\\\/wp-content\\\/uploads\\\/2026\\\/04\\\/andrej-lisakov-AmCvGk6Wg-o-unsplash-3-scaled.webp\",\"width\":2560,\"height\":1172,\"caption\":\"\u00c1reas de trabajo\"},{\"@type\":\"BreadcrumbList\",\"@id\":\"https:\\\/\\\/www.serhumana.gal\\\/gl\\\/areas-traballo\\\/#breadcrumb\",\"itemListElement\":[{\"@type\":\"ListItem\",\"position\":1,\"name\":\"Portada\",\"item\":\"https:\\\/\\\/www.serhumana.gal\\\/gl\\\/\"},{\"@type\":\"ListItem\",\"position\":2,\"name\":\"\u00c1reas de traballo\"}]},{\"@type\":\"WebSite\",\"@id\":\"https:\\\/\\\/www.serhumana.gal\\\/#website\",\"url\":\"https:\\\/\\\/www.serhumana.gal\\\/\",\"name\":\"SerHumana\",\"description\":\"SerHumana es una consultor\u00eda orientada a construir culturas m\u00e1s humanas, igualitarias y conscientes en empresas, instituciones y personas.\",\"publisher\":{\"@id\":\"https:\\\/\\\/www.serhumana.gal\\\/#organization\"},\"potentialAction\":[{\"@type\":\"SearchAction\",\"target\":{\"@type\":\"EntryPoint\",\"urlTemplate\":\"https:\\\/\\\/www.serhumana.gal\\\/?s={search_term_string}\"},\"query-input\":{\"@type\":\"PropertyValueSpecification\",\"valueRequired\":true,\"valueName\":\"search_term_string\"}}],\"inLanguage\":\"gl-ES\"},{\"@type\":\"Organization\",\"@id\":\"https:\\\/\\\/www.serhumana.gal\\\/#organization\",\"name\":\"SerHumana\",\"url\":\"https:\\\/\\\/www.serhumana.gal\\\/\",\"logo\":{\"@type\":\"ImageObject\",\"inLanguage\":\"gl-ES\",\"@id\":\"https:\\\/\\\/www.serhumana.gal\\\/#\\\/schema\\\/logo\\\/image\\\/\",\"url\":\"https:\\\/\\\/www.serhumana.gal\\\/wp-content\\\/uploads\\\/2026\\\/04\\\/SerHumana.svg\",\"contentUrl\":\"https:\\\/\\\/www.serhumana.gal\\\/wp-content\\\/uploads\\\/2026\\\/04\\\/SerHumana.svg\",\"width\":179,\"height\":19,\"caption\":\"SerHumana\"},\"image\":{\"@id\":\"https:\\\/\\\/www.serhumana.gal\\\/#\\\/schema\\\/logo\\\/image\\\/\"}}]}<\/script>\n<!-- \/ Yoast SEO plugin. -->","yoast_head_json":{"title":"\u00c1reas de traballo - SerHumana","description":"En SerHumana desenvolvemos proxectos de desenvolvemento emocional, igualdade de x\u00e9nero, coaching de equipos e comunicaci\u00f3n non violenta.","robots":{"index":"index","follow":"follow","max-snippet":"max-snippet:-1","max-image-preview":"max-image-preview:large","max-video-preview":"max-video-preview:-1"},"canonical":"https:\/\/www.serhumana.gal\/gl\/areas-traballo\/","og_locale":"gl_ES","og_type":"article","og_title":"\u00c1reas de traballo - SerHumana","og_description":"En SerHumana desenvolvemos proxectos de desenvolvemento emocional, igualdade de x\u00e9nero, coaching de equipos e comunicaci\u00f3n non violenta.","og_url":"https:\/\/www.serhumana.gal\/gl\/areas-traballo\/","og_site_name":"SerHumana","article_modified_time":"2026-05-08T09:20:44+00:00","og_image":[{"width":2560,"height":1172,"url":"https:\/\/www.serhumana.gal\/wp-content\/uploads\/2026\/04\/andrej-lisakov-AmCvGk6Wg-o-unsplash-3-scaled.webp","type":"image\/webp"}],"twitter_card":"summary_large_image","twitter_title":"\u00c1reas de traballo - SerHumana","twitter_description":"En SerHumana desenvolvemos proxectos de desenvolvemento emocional, igualdade de x\u00e9nero, coaching de equipos e comunicaci\u00f3n non violenta.","twitter_image":"https:\/\/www.serhumana.gal\/wp-content\/uploads\/2026\/04\/andrej-lisakov-AmCvGk6Wg-o-unsplash-3-scaled.webp","twitter_misc":{"Tempo de lectura":"3 minutos"},"schema":{"@context":"https:\/\/schema.org","@graph":[{"@type":"WebPage","@id":"https:\/\/www.serhumana.gal\/gl\/areas-traballo\/","url":"https:\/\/www.serhumana.gal\/gl\/areas-traballo\/","name":"\u00c1reas de traballo - SerHumana","isPartOf":{"@id":"https:\/\/www.serhumana.gal\/#website"},"primaryImageOfPage":{"@id":"https:\/\/www.serhumana.gal\/gl\/areas-traballo\/#primaryimage"},"image":{"@id":"https:\/\/www.serhumana.gal\/gl\/areas-traballo\/#primaryimage"},"thumbnailUrl":"https:\/\/www.serhumana.gal\/wp-content\/uploads\/2026\/04\/andrej-lisakov-AmCvGk6Wg-o-unsplash-3-scaled.webp","datePublished":"2026-04-08T12:46:09+00:00","dateModified":"2026-05-08T09:20:44+00:00","description":"En SerHumana desenvolvemos proxectos de desenvolvemento emocional, igualdade de x\u00e9nero, coaching de equipos e comunicaci\u00f3n non violenta.","breadcrumb":{"@id":"https:\/\/www.serhumana.gal\/gl\/areas-traballo\/#breadcrumb"},"inLanguage":"gl-ES","potentialAction":[{"@type":"ReadAction","target":["https:\/\/www.serhumana.gal\/gl\/areas-traballo\/"]}]},{"@type":"ImageObject","inLanguage":"gl-ES","@id":"https:\/\/www.serhumana.gal\/gl\/areas-traballo\/#primaryimage","url":"https:\/\/www.serhumana.gal\/wp-content\/uploads\/2026\/04\/andrej-lisakov-AmCvGk6Wg-o-unsplash-3-scaled.webp","contentUrl":"https:\/\/www.serhumana.gal\/wp-content\/uploads\/2026\/04\/andrej-lisakov-AmCvGk6Wg-o-unsplash-3-scaled.webp","width":2560,"height":1172,"caption":"\u00c1reas de trabajo"},{"@type":"BreadcrumbList","@id":"https:\/\/www.serhumana.gal\/gl\/areas-traballo\/#breadcrumb","itemListElement":[{"@type":"ListItem","position":1,"name":"Portada","item":"https:\/\/www.serhumana.gal\/gl\/"},{"@type":"ListItem","position":2,"name":"\u00c1reas de traballo"}]},{"@type":"WebSite","@id":"https:\/\/www.serhumana.gal\/#website","url":"https:\/\/www.serhumana.gal\/","name":"SerHumana","description":"SerHumana es una consultor\u00eda orientada a construir culturas m\u00e1s humanas, igualitarias y conscientes en empresas, instituciones y personas.","publisher":{"@id":"https:\/\/www.serhumana.gal\/#organization"},"potentialAction":[{"@type":"SearchAction","target":{"@type":"EntryPoint","urlTemplate":"https:\/\/www.serhumana.gal\/?s={search_term_string}"},"query-input":{"@type":"PropertyValueSpecification","valueRequired":true,"valueName":"search_term_string"}}],"inLanguage":"gl-ES"},{"@type":"Organization","@id":"https:\/\/www.serhumana.gal\/#organization","name":"SerHumana","url":"https:\/\/www.serhumana.gal\/","logo":{"@type":"ImageObject","inLanguage":"gl-ES","@id":"https:\/\/www.serhumana.gal\/#\/schema\/logo\/image\/","url":"https:\/\/www.serhumana.gal\/wp-content\/uploads\/2026\/04\/SerHumana.svg","contentUrl":"https:\/\/www.serhumana.gal\/wp-content\/uploads\/2026\/04\/SerHumana.svg","width":179,"height":19,"caption":"SerHumana"},"image":{"@id":"https:\/\/www.serhumana.gal\/#\/schema\/logo\/image\/"}}]}},"_links":{"self":[{"href":"https:\/\/www.serhumana.gal\/gl\/wp-json\/wp\/v2\/pages\/1588","targetHints":{"allow":["GET"]}}],"collection":[{"href":"https:\/\/www.serhumana.gal\/gl\/wp-json\/wp\/v2\/pages"}],"about":[{"href":"https:\/\/www.serhumana.gal\/gl\/wp-json\/wp\/v2\/types\/page"}],"author":[{"embeddable":true,"href":"https:\/\/www.serhumana.gal\/gl\/wp-json\/wp\/v2\/users\/1"}],"replies":[{"embeddable":true,"href":"https:\/\/www.serhumana.gal\/gl\/wp-json\/wp\/v2\/comments?post=1588"}],"version-history":[{"count":8,"href":"https:\/\/www.serhumana.gal\/gl\/wp-json\/wp\/v2\/pages\/1588\/revisions"}],"predecessor-version":[{"id":1726,"href":"https:\/\/www.serhumana.gal\/gl\/wp-json\/wp\/v2\/pages\/1588\/revisions\/1726"}],"wp:featuredmedia":[{"embeddable":true,"href":"https:\/\/www.serhumana.gal\/gl\/wp-json\/wp\/v2\/media\/1989"}],"wp:attachment":[{"href":"https:\/\/www.serhumana.gal\/gl\/wp-json\/wp\/v2\/media?parent=1588"}],"curies":[{"name":"wp","href":"https:\/\/api.w.org\/{rel}","templated":true}]}}